{"id":3,"date":"2020-01-09T09:53:26","date_gmt":"2020-01-09T09:53:26","guid":{"rendered":"https:\/\/drogueriacolonial.com\/?page_id=3"},"modified":"2024-09-10T07:09:16","modified_gmt":"2024-09-10T12:09:16","slug":"politica-privacidad","status":"publish","type":"page","link":"https:\/\/drogueriacolonial.com\/en\/politica-privacidad\/","title":{"rendered":"Privacy Policy"},"content":{"rendered":"<div data-elementor-type=\"wp-page\" data-elementor-id=\"3\" class=\"elementor elementor-3\" data-elementor-post-type=\"page\">\n\t\t\t\t\t\t<section class=\"elementor-section elementor-top-section elementor-element elementor-element-28c18749 elementor-section-boxed elementor-section-height-default elementor-section-height-default\" data-id=\"28c18749\" data-element_type=\"section\" data-e-type=\"section\">\n\t\t\t\t\t\t<div class=\"elementor-container elementor-column-gap-default\">\n\t\t\t\t\t<div class=\"elementor-column elementor-col-100 elementor-top-column elementor-element elementor-element-5503ebc1\" data-id=\"5503ebc1\" data-element_type=\"column\" data-e-type=\"column\">\n\t\t\t<div class=\"elementor-widget-wrap elementor-element-populated\">\n\t\t\t\t\t\t<div class=\"elementor-element elementor-element-a9e9103 elementor-widget elementor-widget-text-editor\" data-id=\"a9e9103\" data-element_type=\"widget\" data-e-type=\"widget\" data-widget_type=\"text-editor.default\">\n\t\t\t\t<div class=\"elementor-widget-container\">\n\t\t\t\t\t\t\t\t\t<h1 style=\"text-align: center;\"><strong>PRIVACY NOTICE <\/strong><\/h1><p>The following privacy policy governs the data collection and use practices of Droguer\u00eda Colonial. and its domains and information channels (THE SITES):<\/p><p><strong>www.drogueriacolonial.com<\/strong><\/p><p><strong> www.facebook.com\/drogueriacolonial<\/strong><\/p><p><strong> www.instagram.com\/colonialdrogueria<\/strong><\/p><p>According to the Law of Protection of Personal Data in Possession of Individuals Law 1581 of 2012, recognizes and protects the right of all persons to know, update and rectify the information that has been collected about them in databases or files that are susceptible to processing by public or private entities.<\/p><p>Please read this privacy policy carefully, as by visiting and using the site, sharing your data through forms, messages, chatbots, Facebook or official emails, you agree to the processing of your data in accordance with this policy.<\/p><h3><strong> DATA COLLECTED <\/strong><\/h3><p>It is understood that the data you provide on THE SITES of Droguer\u00eda Colonial, through the registration forms made available to you, are communicated freely and voluntarily. The holder declares that the personal contact and\/or identification data provided on THE SITES are truthful and verifiable. They may be but not limited to: full name, email, office phone, whatsapp, address, among others.<\/p><h3>PURPOSES OF USE<\/h3><p>The use and destination of the information you provide on THE SITES of Droguer\u00eda Colonial, will be limited to the following purposes:<\/p><ul><li style=\"list-style-type: none;\"><ul><li>Proveerle el producto o servicio que est\u00e1 solicitando.<\/li><li>Darle la atenci\u00f3n sobre sus dudas con respecto al producto o servicio solicitado.<\/li><li>Incluir sus datos en una o m\u00e1s bases de datos como lo pueden ser listas de email marketing, p\u00fablicos en Facebook o Google.<\/li><li>Proporcionar informaci\u00f3n relacionada con actualizaciones en el servicio, t\u00e9rminos, condiciones o pol\u00edticas.<\/li><li>Dar seguimiento a la relaci\u00f3n comercial.<\/li><li>Enviar promocionales o temas de marketing y venta.<\/li><li>Usar sus datos para la b\u00fasqueda de clientes similares o creaci\u00f3n de audiencias digitales con las cuales podremos mandar avisos publicitarios en plataformas externas a LOS SITIOS de Droguer\u00eda Colonial, como Facebook, Instagram, Google o sus canales asociados.<\/li><\/ul><\/li><\/ul><h3>USO DE TECNOLOG\u00cdAS DE SEGUIMIENTO.<\/h3><p>LOS SITIOS de Droguer\u00eda Colonial, pueden obtener informaci\u00f3n de forma autom\u00e1tica para fines publicitarios, tales como instalaci\u00f3n de cookies en su navegador, rastreo de pixeles como el Pixel de Facebook, el Pixel de Google Remarketing o el Pixel de Google Analytics entre otros. Una cookie es un peque\u00f1o archivo de datos alojado en su navegador con el cual podemos identificar que usted nos ha visitado. Una cookie no puede obtener datos de su disco duro.<\/p><h3>COMUNICACIONES DE DATOS<\/h3><p>La informaci\u00f3n que voluntariamente ha decidido compartir con nosotros podr\u00e1 ser comunicada dentro y fuera del territorio de Colombia a proveedores con el objetivo de ejercer las FINALIDADES DE USO de la presente pol\u00edtica.<\/p><p>As\u00ed mismo sus datos se proporcionar\u00e1n a la autoridad competente que funde y motive su mandato, as\u00ed como cuando lo autorice LA LEY.<\/p><h3>IDENTIDAD Y DOMICILIO<\/h3><p>Los datos recabados de LOS SITIOS de Droguer\u00eda Colonial, est\u00e1n en representaci\u00f3n del representante legal Drogueria San Sebastian AJ, con domicilio en: CR 5 # 3-01 Barrio la Ermita.<\/p><h3>DERECHOS DEL TITULAR<\/h3><p>El titular de los datos personales, debidamente acreditado, en forma personal y\/o a trav\u00e9s de su representante legal, podr\u00e1 ejercer los derechos de acceso, rectificaci\u00f3n, cancelaci\u00f3n y oposici\u00f3n ARCO con respecto a sus datos personales, asimismo, podr\u00e1 limitar el uso o divulgaci\u00f3n de sus datos cuando lo considere conveniente; la solicitud para el ejercicio de estos derechos deber\u00e1 ser presentada al correo agente@drogueriacolonial.com, con las identificaciones oficiales que acrediten su titularidad y\/o personalidad o al CLL 3 # 5-01 Barrio La Ermita.<\/p><p>Usted puede resolver dudas al respecto en: agente@dorgueriacolonial.com.<\/p>\t\t\t\t\t\t\t\t<\/div>\n\t\t\t\t<\/div>\n\t\t\t\t\t<\/div>\n\t\t<\/div>\n\t\t\t\t\t<\/div>\n\t\t<\/section>\n\t\t\t\t<\/div>","protected":false},"excerpt":{"rendered":"<p>AVISO DE PRIVACIDAD La siguiente pol\u00edtica de privacidad rige las pr\u00e1cticas de recopilaci\u00f3n y uso de datos de Droguer\u00eda Colonial. y sus dominios y canales de informaci\u00f3n (LOS SITIOS): www.drogueriacolonial.com www.facebook.com\/drogueriacolonial www.instagram.com\/colonialdrogueria De acuerdo a la Ley de Protecci\u00f3n de Datos Personales en Posesi\u00f3n de los Particulares Ley 1581 de 2012, Reconoce y protege el derecho que tienen todas las personas a [&hellip;]<\/p>","protected":false},"author":1,"featured_media":0,"parent":0,"menu_order":0,"comment_status":"closed","ping_status":"closed","template":"","meta":{"rs_blank_template":"","rs_page_bg_color":"","slide_template_v7":"","_themeisle_gutenberg_block_has_review":false,"footnotes":""},"class_list":["post-3","page","type-page","status-publish","hentry"],"_links":{"self":[{"href":"https:\/\/drogueriacolonial.com\/en\/wp-json\/wp\/v2\/pages\/3","targetHints":{"allow":["GET"]}}],"collection":[{"href":"https:\/\/drogueriacolonial.com\/en\/wp-json\/wp\/v2\/pages"}],"about":[{"href":"https:\/\/drogueriacolonial.com\/en\/wp-json\/wp\/v2\/types\/page"}],"author":[{"embeddable":true,"href":"https:\/\/drogueriacolonial.com\/en\/wp-json\/wp\/v2\/users\/1"}],"replies":[{"embeddable":true,"href":"https:\/\/drogueriacolonial.com\/en\/wp-json\/wp\/v2\/comments?post=3"}],"version-history":[{"count":7,"href":"https:\/\/drogueriacolonial.com\/en\/wp-json\/wp\/v2\/pages\/3\/revisions"}],"predecessor-version":[{"id":9376,"href":"https:\/\/drogueriacolonial.com\/en\/wp-json\/wp\/v2\/pages\/3\/revisions\/9376"}],"wp:attachment":[{"href":"https:\/\/drogueriacolonial.com\/en\/wp-json\/wp\/v2\/media?parent=3"}],"curies":[{"name":"wp","href":"https:\/\/api.w.org\/{rel}","templated":true}]}}