{"id":1823,"date":"2020-01-28T13:33:39","date_gmt":"2020-01-28T13:33:39","guid":{"rendered":"https:\/\/drogueriacolonial.com\/?page_id=1823"},"modified":"2024-09-10T07:23:09","modified_gmt":"2024-09-10T12:23:09","slug":"nosotros","status":"publish","type":"page","link":"https:\/\/drogueriacolonial.com\/en\/nosotros\/","title":{"rendered":"About us"},"content":{"rendered":"<div data-elementor-type=\"wp-page\" data-elementor-id=\"1823\" class=\"elementor elementor-1823\" data-elementor-post-type=\"page\">\n\t\t\t\t\t\t<section class=\"elementor-section elementor-top-section elementor-element elementor-element-2a6aec5 elementor-section-boxed elementor-section-height-default elementor-section-height-default\" data-id=\"2a6aec5\" data-element_type=\"section\" data-e-type=\"section\">\n\t\t\t\t\t\t<div class=\"elementor-container elementor-column-gap-default\">\n\t\t\t\t\t<div class=\"elementor-column elementor-col-100 elementor-top-column elementor-element elementor-element-434eacd\" data-id=\"434eacd\" data-element_type=\"column\" data-e-type=\"column\">\n\t\t\t<div class=\"elementor-widget-wrap elementor-element-populated\">\n\t\t\t\t\t\t<div class=\"elementor-element elementor-element-6a33f40 elementor-widget elementor-widget-seosight_title\" data-id=\"6a33f40\" data-element_type=\"widget\" data-e-type=\"widget\" data-widget_type=\"seosight_title.default\">\n\t\t\t\t<div class=\"elementor-widget-container\">\n\t\t\t\t\t\t\t<header class=\"crumina-module crumina-heading align-left\" >\n\t\t\t\t\t\t<div class=\"title-text-wrap\">\n\t\t    \t<h1 class=\"heading-title\">\n\t\t\t\t\tA Short History\t\t\t\t<\/h1>\n\t\t\t\t\t\t    <\/div>\n\t\t\t<div class=\"heading-decoration\">\t\t    <span class=\"first\"><\/span><span class=\"second\"><\/span>\n\t\t\t<\/div>\t\t        <div class=\"h5 heading-text\">We are a business of the brand Droguer\u00eda Colonial. Which has the purpose of bringing to more people excellent prices and quality products in the health area, in addition to offering a variety of medicines that are beneficial to all. <\/div>\n\t\t\t\t\t<\/header>\n\t\t\t\t\t\t<\/div>\n\t\t\t\t<\/div>\n\t\t\t\t<section class=\"elementor-section elementor-inner-section elementor-element elementor-element-a5967b1 elementor-section-boxed elementor-section-height-default elementor-section-height-default\" data-id=\"a5967b1\" data-element_type=\"section\" data-e-type=\"section\">\n\t\t\t\t\t\t<div class=\"elementor-container elementor-column-gap-default\">\n\t\t\t\t\t<div class=\"elementor-column elementor-col-50 elementor-inner-column elementor-element elementor-element-306569f\" data-id=\"306569f\" data-element_type=\"column\" data-e-type=\"column\">\n\t\t\t<div class=\"elementor-widget-wrap elementor-element-populated\">\n\t\t\t\t\t\t<div class=\"elementor-element elementor-element-5429644 elementor-widget elementor-widget-text-editor\" data-id=\"5429644\" data-element_type=\"widget\" data-e-type=\"widget\" data-widget_type=\"text-editor.default\">\n\t\t\t\t<div class=\"elementor-widget-container\">\n\t\t\t\t\t\t\t\t\tDroguer\u00eda Colonial was born in the heart of the historic center of San Sebastian de Mariquita Tolima, with the firm purpose of serving the largest number of people in Colombia.\t\t\t\t\t\t\t\t<\/div>\n\t\t\t\t<\/div>\n\t\t\t\t\t<\/div>\n\t\t<\/div>\n\t\t\t\t<div class=\"elementor-column elementor-col-50 elementor-inner-column elementor-element elementor-element-418e07a\" data-id=\"418e07a\" data-element_type=\"column\" data-e-type=\"column\">\n\t\t\t<div class=\"elementor-widget-wrap elementor-element-populated\">\n\t\t\t\t\t\t<div class=\"elementor-element elementor-element-daeae19 elementor-widget elementor-widget-text-editor\" data-id=\"daeae19\" data-element_type=\"widget\" data-e-type=\"widget\" data-widget_type=\"text-editor.default\">\n\t\t\t\t<div class=\"elementor-widget-container\">\n\t\t\t\t\t\t\t\t\t<p>We are excited about the future of our company and how every day we are able to help more people in our region.<\/p>\t\t\t\t\t\t\t\t<\/div>\n\t\t\t\t<\/div>\n\t\t\t\t\t<\/div>\n\t\t<\/div>\n\t\t\t\t\t<\/div>\n\t\t<\/section>\n\t\t\t\t\t<\/div>\n\t\t<\/div>\n\t\t\t\t\t<\/div>\n\t\t<\/section>\n\t\t\t\t<section class=\"elementor-section elementor-top-section elementor-element elementor-element-e7d48c5 elementor-section-stretched elementor-section-boxed elementor-section-height-default elementor-section-height-default\" data-id=\"e7d48c5\" data-element_type=\"section\" data-e-type=\"section\" data-settings=\"{&quot;stretch_section&quot;:&quot;section-stretched&quot;,&quot;background_background&quot;:&quot;classic&quot;}\">\n\t\t\t\t\t\t<div class=\"elementor-container elementor-column-gap-default\">\n\t\t\t\t\t<div class=\"elementor-column elementor-col-33 elementor-top-column elementor-element elementor-element-33e4040\" data-id=\"33e4040\" data-element_type=\"column\" data-e-type=\"column\">\n\t\t\t<div class=\"elementor-widget-wrap elementor-element-populated\">\n\t\t\t\t\t\t<div class=\"elementor-element elementor-element-9461d08 elementor-widget elementor-widget-seosight_info_box\" data-id=\"9461d08\" data-element_type=\"widget\" data-e-type=\"widget\" data-widget_type=\"seosight_info_box.default\">\n\t\t\t\t<div class=\"elementor-widget-container\">\n\t\t\t\t\t        <div class=\"crumina-module crumina-info-box info-box--modern\">\n            <div class=\"info-box-image-cont\">\n                <div class=\"info-box-image\">\n\t\t\t\t\t<i class=\"es-icon-2 fas fa-people-carry\"><\/i>                <\/div>\n            <\/div>\n            <div class=\"info-box-content\">\n\t\t\t\t                    <h5 class=\"info-box-title\">Excellent support<\/h5>\n\t\t\t\t\t\t\t\t                    <div class=\"info-box-text\">We are open to the public from 8:00 AM to 9:00 PM Monday to Saturday and Sundays from 9:00 AM to 7:30 PM.<\/div>\n\t\t\t\t\t\t\t\t            <\/div>\n        <\/div>\n\t\t\t\t\t\t<\/div>\n\t\t\t\t<\/div>\n\t\t\t\t\t<\/div>\n\t\t<\/div>\n\t\t\t\t<div class=\"elementor-column elementor-col-33 elementor-top-column elementor-element elementor-element-334921c\" data-id=\"334921c\" data-element_type=\"column\" data-e-type=\"column\">\n\t\t\t<div class=\"elementor-widget-wrap elementor-element-populated\">\n\t\t\t\t\t\t<div class=\"elementor-element elementor-element-9edb73b elementor-widget elementor-widget-seosight_info_box\" data-id=\"9edb73b\" data-element_type=\"widget\" data-e-type=\"widget\" data-widget_type=\"seosight_info_box.default\">\n\t\t\t\t<div class=\"elementor-widget-container\">\n\t\t\t\t\t        <div class=\"crumina-module crumina-info-box info-box--standard-nofloat\">\n            <div class=\"info-box-image-cont\">\n                <div class=\"info-box-image\">\n\t\t\t\t\t<i class=\"es-icon-2 fab fa-slideshare\"><\/i>                <\/div>\n            <\/div>\n            <div class=\"info-box-content\">\n\t\t\t\t                    <h5 class=\"info-box-title\">Incredible Equipment<\/h5>\n\t\t\t\t\t\t\t\t                    <div class=\"info-box-text\">We always have an excellent team of professionals who will be at your disposal whenever you need them. <\/div>\n\t\t\t\t\t\t\t\t            <\/div>\n        <\/div>\n\t\t\t\t\t\t<\/div>\n\t\t\t\t<\/div>\n\t\t\t\t\t<\/div>\n\t\t<\/div>\n\t\t\t\t<div class=\"elementor-column elementor-col-33 elementor-top-column elementor-element elementor-element-e1bb6bc\" data-id=\"e1bb6bc\" data-element_type=\"column\" data-e-type=\"column\">\n\t\t\t<div class=\"elementor-widget-wrap elementor-element-populated\">\n\t\t\t\t\t\t<div class=\"elementor-element elementor-element-50c9893 elementor-widget elementor-widget-seosight_info_box\" data-id=\"50c9893\" data-element_type=\"widget\" data-e-type=\"widget\" data-widget_type=\"seosight_info_box.default\">\n\t\t\t\t<div class=\"elementor-widget-container\">\n\t\t\t\t\t        <div class=\"crumina-module crumina-info-box info-box--standard-nofloat\">\n            <div class=\"info-box-image-cont\">\n                <div class=\"info-box-image\">\n\t\t\t\t\t<i class=\"es-icon-2 far fa-star\"><\/i>                <\/div>\n            <\/div>\n            <div class=\"info-box-content\">\n\t\t\t\t                    <h5 class=\"info-box-title\">Products always available<\/h5>\n\t\t\t\t\t\t\t\t                    <div class=\"info-box-text\">We have a wide variety of products from different national and international brands, you can find everything you need. <\/div>\n\t\t\t\t\t\t\t\t            <\/div>\n        <\/div>\n\t\t\t\t\t\t<\/div>\n\t\t\t\t<\/div>\n\t\t\t\t\t<\/div>\n\t\t<\/div>\n\t\t\t\t\t<\/div>\n\t\t<\/section>\n\t\t\t\t<section class=\"elementor-section elementor-top-section elementor-element elementor-element-1571f45 elementor-section-stretched elementor-section-boxed elementor-section-height-default elementor-section-height-default\" data-id=\"1571f45\" data-element_type=\"section\" data-e-type=\"section\" data-settings=\"{&quot;stretch_section&quot;:&quot;section-stretched&quot;,&quot;background_background&quot;:&quot;classic&quot;}\">\n\t\t\t\t\t\t<div class=\"elementor-container elementor-column-gap-default\">\n\t\t\t\t\t<div class=\"elementor-column elementor-col-100 elementor-top-column elementor-element elementor-element-e9a2109\" data-id=\"e9a2109\" data-element_type=\"column\" data-e-type=\"column\">\n\t\t\t<div class=\"elementor-widget-wrap elementor-element-populated\">\n\t\t\t\t\t\t<div class=\"elementor-element elementor-element-103ddfd elementor-widget elementor-widget-seosight_title\" data-id=\"103ddfd\" data-element_type=\"widget\" data-e-type=\"widget\" data-widget_type=\"seosight_title.default\">\n\t\t\t\t<div class=\"elementor-widget-container\">\n\t\t\t\t\t\t\t<header class=\"crumina-module crumina-heading align-left small-section\" >\n\t\t\t\t\t\t<div class=\"title-text-wrap\">\n\t\t    \t<h1 class=\"heading-title\">\n\t\t\t\t\tOur Vision\t\t\t\t<\/h1>\n\t\t\t\t\t\t    <\/div>\n\t\t\t<div class=\"heading-decoration\">\t\t    <span class=\"first\"><\/span><span class=\"second\"><\/span>\n\t\t\t<\/div>\t\t        <div class=\"h5 heading-text\">By the year 2035 to be one of the most recognized brands in the area of medicine sales and retail distribution, achieving a greater impact in the community we always want to help. <\/div>\n\t\t\t\t\t<\/header>\n\t\t\t\t\t\t<\/div>\n\t\t\t\t<\/div>\n\t\t\t\t\t<\/div>\n\t\t<\/div>\n\t\t\t\t\t<\/div>\n\t\t<\/section>\n\t\t\t\t<\/div>","protected":false},"excerpt":{"rendered":"<p>Una Corta historia Somos un negocio de la marca Droguer\u00eda Colonial. La cual tiene el prop\u00f3sito llevar a m\u00e1s personas excelentes precios y productos de calidad del \u00e1rea de la salud, adem\u00e1s de ofrecer otra gran variedad de medicamentos que son de beneficio para todos. Droguer\u00eda Colonial nace en el coraz\u00f3n del centro historico de San sebastian de Mariquita Tolima, con el [&hellip;]<\/p>","protected":false},"author":1,"featured_media":0,"parent":0,"menu_order":0,"comment_status":"closed","ping_status":"closed","template":"","meta":{"rs_blank_template":"","rs_page_bg_color":"","slide_template_v7":"","_themeisle_gutenberg_block_has_review":false,"footnotes":""},"class_list":["post-1823","page","type-page","status-publish","hentry"],"_links":{"self":[{"href":"https:\/\/drogueriacolonial.com\/en\/wp-json\/wp\/v2\/pages\/1823","targetHints":{"allow":["GET"]}}],"collection":[{"href":"https:\/\/drogueriacolonial.com\/en\/wp-json\/wp\/v2\/pages"}],"about":[{"href":"https:\/\/drogueriacolonial.com\/en\/wp-json\/wp\/v2\/types\/page"}],"author":[{"embeddable":true,"href":"https:\/\/drogueriacolonial.com\/en\/wp-json\/wp\/v2\/users\/1"}],"replies":[{"embeddable":true,"href":"https:\/\/drogueriacolonial.com\/en\/wp-json\/wp\/v2\/comments?post=1823"}],"version-history":[{"count":31,"href":"https:\/\/drogueriacolonial.com\/en\/wp-json\/wp\/v2\/pages\/1823\/revisions"}],"predecessor-version":[{"id":9383,"href":"https:\/\/drogueriacolonial.com\/en\/wp-json\/wp\/v2\/pages\/1823\/revisions\/9383"}],"wp:attachment":[{"href":"https:\/\/drogueriacolonial.com\/en\/wp-json\/wp\/v2\/media?parent=1823"}],"curies":[{"name":"wp","href":"https:\/\/api.w.org\/{rel}","templated":true}]}}